{"id":28,"date":"2020-04-12T15:48:02","date_gmt":"2020-04-12T18:48:02","guid":{"rendered":"http:\/\/myping.com.ar\/?page_id=28"},"modified":"2020-04-18T11:55:14","modified_gmt":"2020-04-18T14:55:14","slug":"estructuras","status":"publish","type":"page","link":"https:\/\/myping.com.ar\/?page_id=28","title":{"rendered":"C\u00e1lculo de Estructruras"},"content":{"rendered":"\n<p>Estructuras Met\u00e1licas y de Hormig\u00f3n Armado<\/p>\n\n\n\n<p>Dise\u00f1o y c\u00e1lculo de proyecto estructural para construcci\u00f3n<\/p>\n\n\n\n<p>Construcciones industriales y de vivienda<\/p>\n\n\n\n<p>Ingenieros Civiles Matriculados en la Ciudad Aut\u00f3noma de Buenos Aires<\/p>\n\n\n\n<figure class=\"wp-block-image size-large\"><img loading=\"lazy\" decoding=\"async\" width=\"1024\" height=\"640\" src=\"http:\/\/myping.com.ar\/wp-content\/uploads\/2020\/04\/Ing-Civil-1024x640.jpg\" alt=\"\" class=\"wp-image-55\" srcset=\"https:\/\/myping.com.ar\/wp-content\/uploads\/2020\/04\/Ing-Civil-1024x640.jpg 1024w, https:\/\/myping.com.ar\/wp-content\/uploads\/2020\/04\/Ing-Civil-300x188.jpg 300w, https:\/\/myping.com.ar\/wp-content\/uploads\/2020\/04\/Ing-Civil-768x480.jpg 768w, https:\/\/myping.com.ar\/wp-content\/uploads\/2020\/04\/Ing-Civil-795x497.jpg 795w, https:\/\/myping.com.ar\/wp-content\/uploads\/2020\/04\/Ing-Civil.jpg 1440w\" sizes=\"auto, (max-width: 1024px) 100vw, 1024px\" \/><\/figure>\n","protected":false},"excerpt":{"rendered":"<p>Estructuras Met\u00e1licas y de Hormig\u00f3n Armado Dise\u00f1o y c\u00e1lculo de proyecto estructural para construcci\u00f3n Construcciones industriales y de vivienda Ingenieros [&hellip;]<\/p>\n","protected":false},"author":1,"featured_media":0,"parent":0,"menu_order":0,"comment_status":"closed","ping_status":"closed","template":"","meta":{"om_disable_all_campaigns":false,"_monsterinsights_skip_tracking":false,"_monsterinsights_sitenote_active":false,"_monsterinsights_sitenote_note":"","_monsterinsights_sitenote_category":0,"_uf_show_specific_survey":0,"_uf_disable_surveys":false,"footnotes":""},"class_list":["post-28","page","type-page","status-publish","hentry"],"aioseo_notices":[],"_links":{"self":[{"href":"https:\/\/myping.com.ar\/index.php?rest_route=\/wp\/v2\/pages\/28","targetHints":{"allow":["GET"]}}],"collection":[{"href":"https:\/\/myping.com.ar\/index.php?rest_route=\/wp\/v2\/pages"}],"about":[{"href":"https:\/\/myping.com.ar\/index.php?rest_route=\/wp\/v2\/types\/page"}],"author":[{"embeddable":true,"href":"https:\/\/myping.com.ar\/index.php?rest_route=\/wp\/v2\/users\/1"}],"replies":[{"embeddable":true,"href":"https:\/\/myping.com.ar\/index.php?rest_route=%2Fwp%2Fv2%2Fcomments&post=28"}],"version-history":[{"count":4,"href":"https:\/\/myping.com.ar\/index.php?rest_route=\/wp\/v2\/pages\/28\/revisions"}],"predecessor-version":[{"id":93,"href":"https:\/\/myping.com.ar\/index.php?rest_route=\/wp\/v2\/pages\/28\/revisions\/93"}],"wp:attachment":[{"href":"https:\/\/myping.com.ar\/index.php?rest_route=%2Fwp%2Fv2%2Fmedia&parent=28"}],"curies":[{"name":"wp","href":"https:\/\/api.w.org\/{rel}","templated":true}]}}