{"id":27,"date":"2020-04-12T15:48:02","date_gmt":"2020-04-12T18:48:02","guid":{"rendered":"http:\/\/myping.com.ar\/?page_id=27"},"modified":"2024-07-08T13:33:00","modified_gmt":"2024-07-08T16:33:00","slug":"contacto","status":"publish","type":"page","link":"https:\/\/myping.com.ar\/?page_id=27","title":{"rendered":"Contacto"},"content":{"rendered":"\n<p>Encontranos en:<\/p>\n\n\n\n<p class=\"has-text-align-left\"><img loading=\"lazy\" decoding=\"async\" width=\"40\" height=\"21\" class=\"wp-image-78\" style=\"width: 40px;\" src=\"http:\/\/myping.com.ar\/wp-content\/uploads\/2020\/04\/email-2.png\" alt=\"\" srcset=\"https:\/\/myping.com.ar\/wp-content\/uploads\/2020\/04\/email-2.png 310w, https:\/\/myping.com.ar\/wp-content\/uploads\/2020\/04\/email-2-300x158.png 300w\" sizes=\"auto, (max-width: 40px) 100vw, 40px\" \/> <strong><a href=\"mailto:mypingingenieria@gmail.com\" target=\"_blank\" rel=\"noopener\" title=\"\">mypingingenieria@gmail.com<\/a><\/strong><\/p>\n\n\n\n<p class=\"has-text-align-left\"><img loading=\"lazy\" decoding=\"async\" width=\"40\" height=\"21\" class=\"wp-image-78\" style=\"width: 40px;\" src=\"http:\/\/myping.com.ar\/wp-content\/uploads\/2020\/04\/email-2.png\" alt=\"\" srcset=\"https:\/\/myping.com.ar\/wp-content\/uploads\/2020\/04\/email-2.png 310w, https:\/\/myping.com.ar\/wp-content\/uploads\/2020\/04\/email-2-300x158.png 300w\" sizes=\"auto, (max-width: 40px) 100vw, 40px\" \/> <strong><a href=\"mailto:info@myping.com.ar\" target=\"_blank\" rel=\"noopener\" title=\"\">info@myping.com.ar<\/a><\/strong><\/p>\n\n\n\n<p class=\"has-text-align-left\">  <img loading=\"lazy\" decoding=\"async\" width=\"25\" height=\"25\" class=\"wp-image-82\" style=\"width: 25px;\" src=\"http:\/\/myping.com.ar\/wp-content\/uploads\/2020\/04\/cellphone-2.png\" alt=\"\" srcset=\"https:\/\/myping.com.ar\/wp-content\/uploads\/2020\/04\/cellphone-2.png 225w, https:\/\/myping.com.ar\/wp-content\/uploads\/2020\/04\/cellphone-2-150x150.png 150w\" sizes=\"auto, (max-width: 25px) 100vw, 25px\" \/> <strong><a href=\"tel:+541153123517\" target=\"_blank\" rel=\"noopener\" title=\"\">+54 11 5312 3517<\/a><\/strong><\/p>\n\n\n\n<p class=\"has-text-align-left\">  <img loading=\"lazy\" decoding=\"async\" width=\"27\" height=\"27\" class=\"wp-image-133\" style=\"width: 27px;\" src=\"http:\/\/myping.com.ar\/wp-content\/uploads\/2024\/07\/whatsapp-logo-112413FAA7-seeklogo.com_.png\" alt=\"\" srcset=\"https:\/\/myping.com.ar\/wp-content\/uploads\/2024\/07\/whatsapp-logo-112413FAA7-seeklogo.com_.png 298w, https:\/\/myping.com.ar\/wp-content\/uploads\/2024\/07\/whatsapp-logo-112413FAA7-seeklogo.com_-150x150.png 150w\" sizes=\"auto, (max-width: 27px) 100vw, 27px\" \/> <strong><a href=\"https:\/\/api.whatsapp.com\/send?phone=541153123517\" target=\"_blank\" rel=\"noopener\" title=\"\">+54 11 5312 3517<\/a><\/strong><\/p>\n\n\n\n<p>Estamos ubicados en la Ciudad de Buenos Aires, de 8.00 a 18.00 horas.<\/p>\n\n\n\n<p>Contanos tus necesidades, y buscaremos una soluci\u00f3n acorde a las mismas. Trabajamos para comitentes p\u00fablicos y privados, y asesoramos a nuestros clientes seg\u00fan las condiciones particulares y contractuales.<\/p>\n\n\n\n<figure class=\"wp-block-image size-large\"><img loading=\"lazy\" decoding=\"async\" width=\"1024\" height=\"384\" src=\"http:\/\/myping.com.ar\/wp-content\/uploads\/2020\/04\/Tecla-contacto-01pano-1024x384-1.jpg\" alt=\"\" class=\"wp-image-57\" srcset=\"https:\/\/myping.com.ar\/wp-content\/uploads\/2020\/04\/Tecla-contacto-01pano-1024x384-1.jpg 1024w, https:\/\/myping.com.ar\/wp-content\/uploads\/2020\/04\/Tecla-contacto-01pano-1024x384-1-300x113.jpg 300w, https:\/\/myping.com.ar\/wp-content\/uploads\/2020\/04\/Tecla-contacto-01pano-1024x384-1-768x288.jpg 768w, https:\/\/myping.com.ar\/wp-content\/uploads\/2020\/04\/Tecla-contacto-01pano-1024x384-1-795x298.jpg 795w\" sizes=\"auto, (max-width: 1024px) 100vw, 1024px\" \/><\/figure>\n","protected":false},"excerpt":{"rendered":"<p>Encontranos en: mypingingenieria@gmail.com info@myping.com.ar +54 11 5312 3517 +54 11 5312 3517 Estamos ubicados en la Ciudad de Buenos Aires, [&hellip;]<\/p>\n","protected":false},"author":1,"featured_media":0,"parent":0,"menu_order":0,"comment_status":"closed","ping_status":"closed","template":"","meta":{"om_disable_all_campaigns":false,"_monsterinsights_skip_tracking":false,"_monsterinsights_sitenote_active":false,"_monsterinsights_sitenote_note":"","_monsterinsights_sitenote_category":0,"_uf_show_specific_survey":0,"_uf_disable_surveys":false,"footnotes":""},"class_list":["post-27","page","type-page","status-publish","hentry"],"aioseo_notices":[],"_links":{"self":[{"href":"https:\/\/myping.com.ar\/index.php?rest_route=\/wp\/v2\/pages\/27","targetHints":{"allow":["GET"]}}],"collection":[{"href":"https:\/\/myping.com.ar\/index.php?rest_route=\/wp\/v2\/pages"}],"about":[{"href":"https:\/\/myping.com.ar\/index.php?rest_route=\/wp\/v2\/types\/page"}],"author":[{"embeddable":true,"href":"https:\/\/myping.com.ar\/index.php?rest_route=\/wp\/v2\/users\/1"}],"replies":[{"embeddable":true,"href":"https:\/\/myping.com.ar\/index.php?rest_route=%2Fwp%2Fv2%2Fcomments&post=27"}],"version-history":[{"count":11,"href":"https:\/\/myping.com.ar\/index.php?rest_route=\/wp\/v2\/pages\/27\/revisions"}],"predecessor-version":[{"id":145,"href":"https:\/\/myping.com.ar\/index.php?rest_route=\/wp\/v2\/pages\/27\/revisions\/145"}],"wp:attachment":[{"href":"https:\/\/myping.com.ar\/index.php?rest_route=%2Fwp%2Fv2%2Fmedia&parent=27"}],"curies":[{"name":"wp","href":"https:\/\/api.w.org\/{rel}","templated":true}]}}