{"id":26,"date":"2020-04-12T15:48:02","date_gmt":"2020-04-12T18:48:02","guid":{"rendered":"http:\/\/myping.com.ar\/?page_id=26"},"modified":"2020-04-18T11:54:46","modified_gmt":"2020-04-18T14:54:46","slug":"redeterminaciones","status":"publish","type":"page","link":"https:\/\/myping.com.ar\/?page_id=26","title":{"rendered":"Redeterminaci\u00f3n de Precios"},"content":{"rendered":"\n<p><strong>Decreto 691-16<\/strong><\/p>\n\n\n\n<p><strong>Ley 2809-08<\/strong><\/p>\n\n\n\n<p><strong>Reg\u00edmenes Nacionales, Provinciales y Municipales<\/strong><\/p>\n\n\n\n<p><strong>Obras p\u00fablicas y privadas<\/strong><\/p>\n\n\n\n<p>Realizamos el seguimiento completo de las variaciones de los \u00edndices, acompa\u00f1ando el desarrollo de la obra con la presentaci\u00f3n en tiempo y formar de todas las solicitudes de Adecuaciones provisorias.<\/p>\n\n\n\n<p>Al finalizar el contrato, realizamos el c\u00e1lculo de la Redeterminaci\u00f3n Definitiva y liquidaci\u00f3n final para recuperar las diferencias retenidas durante el desarrollo de la obra.<\/p>\n\n\n\n<p>Nuestro trabajo incluye el asesoramiento completo desde la elaboraci\u00f3n de los c\u00e1lculos para la solicitud, hasta la expedici\u00f3n por parte del comitente. <\/p>\n\n\n\n<figure class=\"wp-block-image size-large\"><img loading=\"lazy\" decoding=\"async\" width=\"960\" height=\"640\" src=\"http:\/\/myping.com.ar\/wp-content\/uploads\/2020\/04\/Redet.jpg\" alt=\"\" class=\"wp-image-54\" srcset=\"https:\/\/myping.com.ar\/wp-content\/uploads\/2020\/04\/Redet.jpg 960w, https:\/\/myping.com.ar\/wp-content\/uploads\/2020\/04\/Redet-300x200.jpg 300w, https:\/\/myping.com.ar\/wp-content\/uploads\/2020\/04\/Redet-768x512.jpg 768w, https:\/\/myping.com.ar\/wp-content\/uploads\/2020\/04\/Redet-795x530.jpg 795w\" sizes=\"auto, (max-width: 960px) 100vw, 960px\" \/><\/figure>\n","protected":false},"excerpt":{"rendered":"<p>Decreto 691-16 Ley 2809-08 Reg\u00edmenes Nacionales, Provinciales y Municipales Obras p\u00fablicas y privadas Realizamos el seguimiento completo de las variaciones [&hellip;]<\/p>\n","protected":false},"author":1,"featured_media":0,"parent":0,"menu_order":0,"comment_status":"closed","ping_status":"closed","template":"","meta":{"om_disable_all_campaigns":false,"_monsterinsights_skip_tracking":false,"_monsterinsights_sitenote_active":false,"_monsterinsights_sitenote_note":"","_monsterinsights_sitenote_category":0,"_uf_show_specific_survey":0,"_uf_disable_surveys":false,"footnotes":""},"class_list":["post-26","page","type-page","status-publish","hentry"],"aioseo_notices":[],"_links":{"self":[{"href":"https:\/\/myping.com.ar\/index.php?rest_route=\/wp\/v2\/pages\/26","targetHints":{"allow":["GET"]}}],"collection":[{"href":"https:\/\/myping.com.ar\/index.php?rest_route=\/wp\/v2\/pages"}],"about":[{"href":"https:\/\/myping.com.ar\/index.php?rest_route=\/wp\/v2\/types\/page"}],"author":[{"embeddable":true,"href":"https:\/\/myping.com.ar\/index.php?rest_route=\/wp\/v2\/users\/1"}],"replies":[{"embeddable":true,"href":"https:\/\/myping.com.ar\/index.php?rest_route=%2Fwp%2Fv2%2Fcomments&post=26"}],"version-history":[{"count":5,"href":"https:\/\/myping.com.ar\/index.php?rest_route=\/wp\/v2\/pages\/26\/revisions"}],"predecessor-version":[{"id":92,"href":"https:\/\/myping.com.ar\/index.php?rest_route=\/wp\/v2\/pages\/26\/revisions\/92"}],"wp:attachment":[{"href":"https:\/\/myping.com.ar\/index.php?rest_route=%2Fwp%2Fv2%2Fmedia&parent=26"}],"curies":[{"name":"wp","href":"https:\/\/api.w.org\/{rel}","templated":true}]}}