{"id":25,"date":"2020-04-12T15:48:02","date_gmt":"2020-04-12T18:48:02","guid":{"rendered":"http:\/\/myping.com.ar\/?page_id=25"},"modified":"2024-07-08T14:33:09","modified_gmt":"2024-07-08T17:33:09","slug":"el-nuevo-umoma-abre-sus-puertas-2","status":"publish","type":"page","link":"https:\/\/myping.com.ar\/","title":{"rendered":"Pagina de INICIO"},"content":{"rendered":"\n<div class=\"wp-block-group alignwide\"><div class=\"wp-block-group__inner-container is-layout-flow wp-block-group-is-layout-flow\">\n<h2 class=\"wp-block-heading has-text-align-center\">En MyPing Ingenier\u00eda nos renovamos<\/h2>\n\n\n\n<p class=\"has-text-align-center\">Renovamos nuestra p\u00e1gina pero seguimos brindando el mismo servicio<\/p>\n\n\n\n<figure class=\"wp-block-image alignfull size-large\"><img loading=\"lazy\" decoding=\"async\" width=\"960\" height=\"640\" src=\"http:\/\/myping.com.ar\/wp-content\/uploads\/2020\/04\/Redet.jpg\" alt=\"\" class=\"wp-image-54\" srcset=\"https:\/\/myping.com.ar\/wp-content\/uploads\/2020\/04\/Redet.jpg 960w, https:\/\/myping.com.ar\/wp-content\/uploads\/2020\/04\/Redet-300x200.jpg 300w, https:\/\/myping.com.ar\/wp-content\/uploads\/2020\/04\/Redet-768x512.jpg 768w, https:\/\/myping.com.ar\/wp-content\/uploads\/2020\/04\/Redet-795x530.jpg 795w\" sizes=\"auto, (max-width: 960px) 100vw, 960px\" \/><\/figure>\n<\/div><\/div>\n\n\n\n<div class=\"wp-block-group\"><div class=\"wp-block-group__inner-container is-layout-constrained wp-block-group-is-layout-constrained\">\n<h2 class=\"wp-block-heading has-text-align-center\">Redeterminaciones de Precios<\/h2>\n\n\n\n<p>En MyPing Ingenieria nos encargamos del seguimiento y la gesti\u00f3n de las variaciones para que no tengas que preocuparte por atrasos en las solicitudes y mantengas el valor de la obra optimizado al d\u00eda.<\/p>\n\n\n\n<div class=\"wp-block-columns alignwide is-layout-flex wp-container-core-columns-is-layout-9d6595d7 wp-block-columns-is-layout-flex\">\n<div class=\"wp-block-column is-layout-flow wp-block-column-is-layout-flow\">\n<div class=\"wp-block-group\"><div class=\"wp-block-group__inner-container is-layout-flow wp-block-group-is-layout-flow\">\n<p>Adecuaciones Provisorias<\/p>\n\n\n\n<p>Redeterminaciones Definitivas<\/p>\n\n\n\n<p>Decreto 691-16<\/p>\n<\/div><\/div>\n\n\n\n<p>Resoluci\u00f3n 601-14 &#8211; Ley 2809-08<\/p>\n<\/div>\n<\/div>\n\n\n\n<p>Comitentes p\u00fablicos y privados, reg\u00edmenes especiales de redeterminaci\u00f3n y actualizaci\u00f3n de contratos de construcci\u00f3n.<\/p>\n\n\n\n<p>Gesti\u00f3n completa de variaci\u00f3n de precios durante la ejecuci\u00f3n de la obra y al finalizar.&nbsp;Soluciones y asesor\u00eda acorde a las necesidades de cada cliente. Evite penalidades por atraso y recupere el valor real.<\/p>\n\n\n\n<figure class=\"wp-block-image alignfull size-large\"><img loading=\"lazy\" decoding=\"async\" width=\"1024\" height=\"352\" src=\"http:\/\/myping.com.ar\/wp-content\/uploads\/2020\/04\/Foto-Ing-Civil-1024x352.png\" alt=\"\" class=\"wp-image-56\" srcset=\"https:\/\/myping.com.ar\/wp-content\/uploads\/2020\/04\/Foto-Ing-Civil-1024x352.png 1024w, https:\/\/myping.com.ar\/wp-content\/uploads\/2020\/04\/Foto-Ing-Civil-300x103.png 300w, https:\/\/myping.com.ar\/wp-content\/uploads\/2020\/04\/Foto-Ing-Civil-768x264.png 768w, https:\/\/myping.com.ar\/wp-content\/uploads\/2020\/04\/Foto-Ing-Civil-795x273.png 795w, https:\/\/myping.com.ar\/wp-content\/uploads\/2020\/04\/Foto-Ing-Civil.png 1280w\" sizes=\"auto, (max-width: 1024px) 100vw, 1024px\" \/><\/figure>\n<\/div><\/div>\n\n\n\n<div class=\"wp-block-group alignwide\"><div class=\"wp-block-group__inner-container is-layout-flow wp-block-group-is-layout-flow\">\n<h2 class=\"wp-block-heading has-text-align-center has-accent-color has-text-color\">C\u00e1lculo de Estructuras<\/h2>\n\n\n\n<p>Estructuras Met\u00e1licas y de Hormig\u00f3n Armado<\/p>\n\n\n\n<p>Dise\u00f1o y c\u00e1lculo de proyecto estructural para construcci\u00f3n<\/p>\n\n\n\n<p>Ingenieros Civiles Matriculados en la Ciudad Aut\u00f3noma de Buenos Aires<\/p>\n\n\n\n<figure class=\"wp-block-gallery alignwide has-nested-images columns-default is-cropped wp-block-gallery-1 is-layout-flex wp-block-gallery-is-layout-flex\">\n<figure class=\"wp-block-image size-full\"><img loading=\"lazy\" decoding=\"async\" width=\"1024\" height=\"384\" data-id=\"57\" src=\"https:\/\/myping.com.ar\/wp-content\/uploads\/2020\/04\/Tecla-contacto-01pano-1024x384-1.jpg\" alt=\"\" class=\"wp-image-57\" srcset=\"https:\/\/myping.com.ar\/wp-content\/uploads\/2020\/04\/Tecla-contacto-01pano-1024x384-1.jpg 1024w, https:\/\/myping.com.ar\/wp-content\/uploads\/2020\/04\/Tecla-contacto-01pano-1024x384-1-300x113.jpg 300w, https:\/\/myping.com.ar\/wp-content\/uploads\/2020\/04\/Tecla-contacto-01pano-1024x384-1-768x288.jpg 768w, https:\/\/myping.com.ar\/wp-content\/uploads\/2020\/04\/Tecla-contacto-01pano-1024x384-1-795x298.jpg 795w\" sizes=\"auto, (max-width: 1024px) 100vw, 1024px\" \/><\/figure>\n<\/figure>\n<\/div><\/div>\n\n\n\n<div class=\"wp-block-group\"><div class=\"wp-block-group__inner-container is-layout-constrained wp-block-group-is-layout-constrained\">\n<h2 class=\"wp-block-heading has-text-align-center\">Contactanos<\/h2>\n\n\n\n<p>Encontranos en:<\/p>\n\n\n\n<p class=\"has-text-align-left\"><img loading=\"lazy\" decoding=\"async\" width=\"40\" height=\"21\" class=\"wp-image-78\" style=\"width: 40px;\" src=\"http:\/\/myping.com.ar\/wp-content\/uploads\/2020\/04\/email-2.png\" alt=\"\" srcset=\"https:\/\/myping.com.ar\/wp-content\/uploads\/2020\/04\/email-2.png 310w, https:\/\/myping.com.ar\/wp-content\/uploads\/2020\/04\/email-2-300x158.png 300w\" sizes=\"auto, (max-width: 40px) 100vw, 40px\" \/><strong><a href=\"mailto:mypingingenieria@gmail.com\" target=\"_blank\" rel=\"noopener\" title=\"\">mypingingenieria@gmail.com<\/a><\/strong><\/p>\n\n\n\n<p class=\"has-text-align-left\"><img loading=\"lazy\" decoding=\"async\" width=\"40\" height=\"21\" class=\"wp-image-78\" style=\"width: 40px;\" src=\"http:\/\/myping.com.ar\/wp-content\/uploads\/2020\/04\/email-2.png\" alt=\"\" srcset=\"https:\/\/myping.com.ar\/wp-content\/uploads\/2020\/04\/email-2.png 310w, https:\/\/myping.com.ar\/wp-content\/uploads\/2020\/04\/email-2-300x158.png 300w\" sizes=\"auto, (max-width: 40px) 100vw, 40px\" \/><strong><a href=\"mailto:info@myping.com.ar\" target=\"_blank\" rel=\"noopener\" title=\"\">info@myping.com.ar<\/a><\/strong><\/p>\n\n\n\n<p class=\"has-text-align-left\"><img loading=\"lazy\" decoding=\"async\" width=\"25\" height=\"25\" class=\"wp-image-82\" style=\"width: 25px;\" src=\"http:\/\/myping.com.ar\/wp-content\/uploads\/2020\/04\/cellphone-2.png\" alt=\"\" srcset=\"https:\/\/myping.com.ar\/wp-content\/uploads\/2020\/04\/cellphone-2.png 225w, https:\/\/myping.com.ar\/wp-content\/uploads\/2020\/04\/cellphone-2-150x150.png 150w\" sizes=\"auto, (max-width: 25px) 100vw, 25px\" \/> <strong><a href=\"tel:+541153123517\" target=\"_blank\" rel=\"noopener\" title=\"\">+54 11 5312 3517<\/a><\/strong>   <\/p>\n\n\n\n<p class=\"has-text-align-left\"><img loading=\"lazy\" decoding=\"async\" width=\"27\" height=\"27\" class=\"wp-image-133\" style=\"width: 27px;\" src=\"http:\/\/myping.com.ar\/wp-content\/uploads\/2024\/07\/whatsapp-logo-112413FAA7-seeklogo.com_.png\" alt=\"\" srcset=\"https:\/\/myping.com.ar\/wp-content\/uploads\/2024\/07\/whatsapp-logo-112413FAA7-seeklogo.com_.png 298w, https:\/\/myping.com.ar\/wp-content\/uploads\/2024\/07\/whatsapp-logo-112413FAA7-seeklogo.com_-150x150.png 150w\" sizes=\"auto, (max-width: 27px) 100vw, 27px\" \/> <strong><a href=\"https:\/\/api.whatsapp.com\/send?phone=541153123517\" target=\"_blank\" rel=\"noopener\" title=\"\">+54 11 5312 3517<\/a><\/strong><\/p>\n\n\n\n<p>Estamos ubicados en la Ciudad Aut\u00f3noma de Buenos Aires.<\/p>\n\n\n\n<p>Contanos tus necesidades, y buscaremos una soluci\u00f3n acorde a las mismas. Trabajamos con comitentes p\u00fablicos y privados, y asesoramos a nuestros clientes seg\u00fan las condiciones contractuales de cada uno.<\/p>\n<\/div><\/div>\n","protected":false},"excerpt":{"rendered":"","protected":false},"author":1,"featured_media":61,"parent":0,"menu_order":0,"comment_status":"closed","ping_status":"closed","template":"","meta":{"om_disable_all_campaigns":false,"_monsterinsights_skip_tracking":false,"_monsterinsights_sitenote_active":false,"_monsterinsights_sitenote_note":"","_monsterinsights_sitenote_category":0,"_uf_show_specific_survey":0,"_uf_disable_surveys":false,"footnotes":""},"class_list":["post-25","page","type-page","status-publish","has-post-thumbnail","hentry"],"aioseo_notices":[],"_links":{"self":[{"href":"https:\/\/myping.com.ar\/index.php?rest_route=\/wp\/v2\/pages\/25","targetHints":{"allow":["GET"]}}],"collection":[{"href":"https:\/\/myping.com.ar\/index.php?rest_route=\/wp\/v2\/pages"}],"about":[{"href":"https:\/\/myping.com.ar\/index.php?rest_route=\/wp\/v2\/types\/page"}],"author":[{"embeddable":true,"href":"https:\/\/myping.com.ar\/index.php?rest_route=\/wp\/v2\/users\/1"}],"replies":[{"embeddable":true,"href":"https:\/\/myping.com.ar\/index.php?rest_route=%2Fwp%2Fv2%2Fcomments&post=25"}],"version-history":[{"count":29,"href":"https:\/\/myping.com.ar\/index.php?rest_route=\/wp\/v2\/pages\/25\/revisions"}],"predecessor-version":[{"id":155,"href":"https:\/\/myping.com.ar\/index.php?rest_route=\/wp\/v2\/pages\/25\/revisions\/155"}],"wp:featuredmedia":[{"embeddable":true,"href":"https:\/\/myping.com.ar\/index.php?rest_route=\/wp\/v2\/media\/61"}],"wp:attachment":[{"href":"https:\/\/myping.com.ar\/index.php?rest_route=%2Fwp%2Fv2%2Fmedia&parent=25"}],"curies":[{"name":"wp","href":"https:\/\/api.w.org\/{rel}","templated":true}]}}